{"id":9559,"date":"2023-02-16T22:59:19","date_gmt":"2023-02-16T22:59:19","guid":{"rendered":"https:\/\/periodismomachista.com\/?page_id=9559"},"modified":"2024-03-06T14:53:15","modified_gmt":"2024-03-06T14:53:15","slug":"politica-de-cookies-ue","status":"publish","type":"page","link":"https:\/\/periodismomachista.com\/eu\/politica-de-cookies-ue\/","title":{"rendered":"Cookie-en politika"},"content":{"rendered":"<section class=\"l-section wpb_row height_small\"><div class=\"l-section-h i-cf\"><div class=\"g-cols vc_row via_grid cols_1 laptops-cols_inherit tablets-cols_inherit mobiles-cols_1 valign_top type_default stacking_default\"><div class=\"wpb_column vc_column_container\"><div class=\"vc_column-inner\"><div class=\"wpb_text_column\"><div class=\"wpb_wrapper\"><h1 class=\"trail-title\" style=\"text-align: center;\">Cookie-en politika<\/h1>\n<\/div><\/div><div class=\"w-separator size_small\"><\/div><div class=\"g-cols wpb_row via_grid cols_1-4-1 laptops-cols_inherit tablets-cols_inherit mobiles-cols_1 valign_top type_default stacking_default\" style=\"--gap:3rem;\"><div class=\"wpb_column vc_column_container\"><div class=\"vc_column-inner\"><\/div><\/div><div class=\"wpb_column vc_column_container\"><div class=\"vc_column-inner\"><div class=\"wpb_text_column\"><div class=\"wpb_wrapper\"><p><i>Esta pol\u00edtica de cookies fue actualizada por \u00faltima vez el febrero 16, 2023 y se aplica a los ciudadanos y residentes legales permanentes del Espacio Econ\u00f3mico Europeo y Suiza.<\/i><\/p>\n<h2>1. Introducci\u00f3n<\/h2>\n<p>Nuestra web, <a href=\"https:\/\/periodismomachista.com\">https:\/\/periodismomachista.com<\/a> (en adelante: \u00abla web\u00bb) utiliza cookies y otras tecnolog\u00edas relacionadas (para mayor comodidad, todas las tecnolog\u00edas se denominan \u00abcookies\u00bb). Las cookies tambi\u00e9n son colocadas por terceros a los que hemos contratado. En el siguiente documento te informamos sobre el uso de cookies en nuestra web.<\/p>\n<h2>2. \u00bfQu\u00e9 son las cookies?<\/h2>\n<p>Una cookie es un peque\u00f1o archivo que se env\u00eda junto con las p\u00e1ginas de esta web y que tu navegador almacena en el disco duro de su ordenador u otro dispositivo. La informaci\u00f3n almacenada puede ser devuelta a nuestros servidores o a los servidores de terceros apropiados durante una visita posterior.<\/p>\n<h2>3. \u00bfQu\u00e9 son los scripts?<\/h2>\n<p>Un script es un fragmento de c\u00f3digo de programa que se utiliza para hacer que nuestra web funcione correctamente y de forma interactiva. Este c\u00f3digo se ejecuta en nuestro servidor o en tu dispositivo.<\/p>\n<h2>4. \u00bfQu\u00e9 es una baliza web?<\/h2>\n<p>Una baliza web (o una etiqueta de p\u00edxel) es una peque\u00f1a e invisible pieza de texto o imagen en una web que se utiliza para monitorear el tr\u00e1fico en una web. Para ello, se almacenan varios datos sobre usted mediante estas balizas web.<\/p>\n<h2>5. Cookies<\/h2>\n<p class=\"cmplz-subtitle\">5.1 Cookies t\u00e9cnicas o funcionales<\/p>\n<p>Algunas cookies aseguran que ciertas partes de la web funcionen correctamente y que tus preferencias de usuario sigan record\u00e1ndose. Al colocar cookies funcionales, te facilitamos la visita a nuestra web. De esta manera, no necesitas introducir repetidamente la misma informaci\u00f3n cuando visitas nuestra web y, por ejemplo, los art\u00edculos permanecen en tu cesta de la compra hasta que hayas pagado. Podemos colocar estas cookies sin tu consentimiento.<\/p>\n<p class=\"cmplz-subtitle\">5.2 Cookies de marketing\/seguimiento<\/p>\n<p>Las cookies de marketing\/seguimiento son cookies, o cualquier otra forma de almacenamiento local, usadas para crear perfiles de usuario para mostrar publicidad o para hacer el seguimiento del usuario en esta web o en varias webs con fines de marketing similares.<\/p>\n<p class=\"cmplz-subtitle\">5.3 Redes sociales<\/p>\n<p>En nuestra web hemos incluido contenido de Facebook, Twitter y Instagram para promover p\u00e1ginas web (p.ej.: \u00abMe gusta\u00bb, \u00abPinear\u00bb) o compartir (p.ej.: \u00abtuitear\u00bb) en redes sociales como Facebook, Twitter y Instagram. Este contenido est\u00e1 incrustado con c\u00f3digo derivado de Facebook, Twitter y Instagram y guarda cookies. Este contenido podr\u00eda procesar cierta informaci\u00f3n para anuncios personalizados.<\/p>\n<p>Por favor lea la pol\u00edtica de privacidad de estas redes sociales (que puede cambiar frecuentemente) para saber que hacen con sus datos (personales) que procesan usando estas cookies. Los datos que reciben son anonimizados lo m\u00e1ximo posible. Facebook, Twitter y Instagram est\u00e1n ubicados en los Estados Unidos.<\/p>\n<h2>6. Cookies usadas<\/h2>\n<div id=\"cmplz-cookies-overview\">\n<details class=\"cmplz-dropdown cmplz-service-desc cmplz-dropdown-cookiepolicy \">\n<div>\n<h3>Complianz<\/h3>\n<p>Funcional<\/p>\n<p><label class=\"cmplz_consent_per_service_label\" for=\"cmplz_service_complianz\"><span class=\"screen-reader-text\">Consent to service complianz<\/span><\/label><\/p>\n<\/div>\n<\/details>\n<details class=\"cmplz-dropdown cmplz-service-desc cmplz-dropdown-cookiepolicy \">\n<div>\n<h3>Google Fonts<\/h3>\n<p>Marketing\/Seguimiento<\/p>\n<p><label class=\"cmplz_consent_per_service_label\" for=\"cmplz_service_google-fonts\"><span class=\"screen-reader-text\">Consent to service google-fonts<\/span><\/label><\/p>\n<\/div>\n<\/details>\n<details class=\"cmplz-dropdown cmplz-service-desc cmplz-dropdown-cookiepolicy \">\n<div>\n<h3>YouTube<\/h3>\n<p>Marketing\/Seguimiento, Funcional<\/p>\n<p><label class=\"cmplz_consent_per_service_label\" for=\"cmplz_service_youtube\"><span class=\"screen-reader-text\">Consent to service youtube<\/span><\/label><\/p>\n<\/div>\n<\/details>\n<details class=\"cmplz-dropdown cmplz-service-desc cmplz-dropdown-cookiepolicy \">\n<div>\n<h3>Facebook<\/h3>\n<p>Marketing\/Seguimiento, Funcional<\/p>\n<p><label class=\"cmplz_consent_per_service_label\" for=\"cmplz_service_facebook\"><span class=\"screen-reader-text\">Consent to service facebook<\/span><\/label><\/p>\n<\/div>\n<\/details>\n<details class=\"cmplz-dropdown cmplz-service-desc cmplz-dropdown-cookiepolicy \">\n<div>\n<h3>Twitter<\/h3>\n<p>Funcional, Marketing\/Seguimiento<\/p>\n<p><label class=\"cmplz_consent_per_service_label\" for=\"cmplz_service_twitter\"><span class=\"screen-reader-text\">Consent to service twitter<\/span><\/label><\/p>\n<\/div>\n<\/details>\n<details class=\"cmplz-dropdown cmplz-service-desc cmplz-dropdown-cookiepolicy \">\n<div>\n<h3>Instagram<\/h3>\n<p>Marketing\/Seguimiento<\/p>\n<p><label class=\"cmplz_consent_per_service_label\" for=\"cmplz_service_instagram\"><span class=\"screen-reader-text\">Consent to service instagram<\/span><\/label><\/p>\n<\/div>\n<\/details>\n<details class=\"cmplz-dropdown cmplz-service-desc cmplz-dropdown-cookiepolicy \">\n<div>\n<h3>Varios<\/h3>\n<p>Prop\u00f3sito pendiente de investigaci\u00f3n<\/p>\n<p><label class=\"cmplz_consent_per_service_label\" for=\"cmplz_service_varios\"><span class=\"screen-reader-text\">Consent to service varios<\/span><\/label><\/p>\n<\/div>\n<\/details>\n<\/div>\n<h2>7. Consentimiento<\/h2>\n<p>Cuando visites nuestra web por primera vez, te mostraremos una ventana emergente con una explicaci\u00f3n sobre las cookies. Tan pronto como hagas clic en \u00abGuardar preferencias\u00bb, aceptas que usemos las categor\u00edas de cookies y plugins que has seleccionado en la ventana emergente, tal y como se describe en esta pol\u00edtica de cookies. Puedes desactivar el uso de cookies a trav\u00e9s de tu navegador, pero, por favor, ten en cuenta que nuestra web puede dejar de funcionar correctamente.<\/p>\n<p class=\"cmplz-subtitle\">7.1 Gestiona tus ajustes de consentimiento<\/p>\n<div id=\"cmplz-manage-consent-container\" class=\"cmplz-manage-consent-container\">\n<div class=\"cmplz-categories\">\n<details class=\"cmplz-category cmplz-functional\">\n<summary><span class=\"cmplz-category-header\"> <span class=\"cmplz-category-title\">Funcional<\/span> <span class=\"cmplz-always-active\"> Siempre activo <\/span> <\/span><\/summary>\n<\/details>\n<\/div>\n<\/div>\n<details class=\"cmplz-category cmplz-functional\"><\/details>\n<details class=\"cmplz-category cmplz-marketing\">\n<summary><span class=\"cmplz-category-header\"> <span class=\"cmplz-category-title\">Marketing<\/span> <span class=\"cmplz-banner-checkbox\"> <input id=\"cmplz-marketing-optin\" class=\"cmplz-consent-checkbox cmplz-marketing\" size=\"40\" type=\"checkbox\" value=\"1\" data-category=\"cmplz_marketing\" \/> <label class=\"cmplz-label\" tabindex=\"0\" for=\"cmplz-marketing-optin\"><span class=\"screen-reader-text\">Marketing<\/span><\/label> <\/span> <\/span><\/summary>\n<\/details>\n<div id=\"cmplz-manage-consent-container\" class=\"cmplz-manage-consent-container\">\n<div class=\"cmplz-categories\">\u00a0<\/div>\n<\/div>\n<h2>8. Activaci\u00f3n\/desactivaci\u00f3n y borrado de cookies<\/h2>\n<p>Puedes utilizar tu navegador de Internet para eliminar las cookies de forma autom\u00e1tica o manual. Tambi\u00e9n puedes especificar que ciertas cookies no pueden ser colocadas. Otra opci\u00f3n es cambiar los ajustes de tu navegador de Internet para que recibas un mensaje cada vez que se coloca una cookie. Para obtener m\u00e1s informaci\u00f3n sobre estas opciones, consulta las instrucciones de la secci\u00f3n \u00abAyuda\u00bb de tu navegador.<\/p>\n<p>Ten en cuenta que nuestra web puede no funcionar correctamente si todas las cookies est\u00e1n desactivadas. Si borras las cookies de tu navegador, se volver\u00e1n a colocar despu\u00e9s de tu consentimiento cuando vuelvas a visitar nuestras webs.<\/p>\n<h2>9. Tus derechos con respecto a los datos personales<\/h2>\n<p>Tienes los siguientes derechos con respecto a tus datos personales:<\/p>\n<ul>\n<li>Tiene derecho a saber por qu\u00e9 se necesitan tus datos personales, qu\u00e9 suceder\u00e1 con ellos y durante cu\u00e1nto tiempo se conservar\u00e1n.<\/li>\n<li>Derecho de acceso: tienes derecho a acceder a tus datos personales que conocemos.<\/li>\n<li>Derecho de rectificaci\u00f3n: tienes derecho a completar, rectificar, borrar o bloquear tus datos personales cuando lo desees.<\/li>\n<li>Si nos das tu consentimiento para procesar tus datos, tienes derecho a revocar dicho consentimiento y a que se eliminen tus datos personales.<\/li>\n<li>Derecho de cesi\u00f3n de tus datos: tienes derecho a solicitar todos tus datos personales al responsable del tratamiento y a transferirlos \u00edntegramente a otro responsable del tratamiento.<\/li>\n<li>Derecho de oposici\u00f3n: puedes oponerte al tratamiento de tus datos. Nosotros cumplimos con esto, a menos que existan motivos justificados para el procesamiento.<\/li>\n<\/ul>\n<p>Para ejercer estos derechos, por favor, contacta con nosotros. Por favor, consulta los detalles de contacto en la parte inferior de esta pol\u00edtica de cookies. Si tienes alguna queja sobre c\u00f3mo gestionamos tus datos, nos gustar\u00eda que nos la hicieras saber, pero tambi\u00e9n tienes derecho a enviar una queja a la autoridad supervisora (la autoridad de protecci\u00f3n de datos).<\/p>\n<h2>10. Datos de contacto<\/h2>\n<p>Para preguntas y\/o comentarios sobre nuestra pol\u00edtica de cookies y esta declaraci\u00f3n, por favor, contacta con nosotros usando los siguientes datos de contacto:<\/p>\n<p><span class=\"cmplz-contact-organisation\">Bitartez<\/span><br \/><span class=\"cmplz-contact-address\">Departamento de Periodismo de la Universidad del Pa\u00eds Vasco (UPV\/EHU)<\/span><br \/><span class=\"cmplz-contact-country\">Espa\u00f1a<\/span><br \/>Web: <span class=\"cmplz-contact-domain\"><a href=\"https:\/\/periodismomachista.com\">https:\/\/periodismomachista.com<\/a><\/span><br \/>Correo electr\u00f3nico: <span class=\"cmplz-contact-email\"><span class=\"cmplz-obfuscate\">sue.uhe@zetratib<\/span><\/span><\/p>\n<p>Esta pol\u00edtica de cookies se ha sincronizado con <a href=\"https:\/\/cookiedatabase.org\/\" target=\"_blank\" rel=\"noopener\">cookiedatabase.org<\/a> el febrero 16, 2023.<\/p>\n<\/div><\/div><\/div><\/div><div class=\"wpb_column vc_column_container\"><div class=\"vc_column-inner\"><\/div><\/div><\/div><\/div><\/div><\/div><\/div><\/section>\n","protected":false},"excerpt":{"rendered":"Cookie-en politika Esta pol\u00edtica de cookies fue actualizada por \u00faltima vez el febrero 16, 2023 y se aplica a los ciudadanos y residentes legales permanentes del Espacio Econ\u00f3mico Europeo y Suiza. 1. Introducci\u00f3n Nuestra web, https:\/\/periodismomachista.com (en adelante: \u00abla web\u00bb) utiliza cookies y otras tecnolog\u00edas relacionadas (para mayor comodidad, todas las tecnolog\u00edas se denominan \u00abcookies\u00bb)....","protected":false},"author":2,"featured_media":0,"parent":0,"menu_order":0,"comment_status":"closed","ping_status":"closed","template":"","meta":{"_acf_changed":false,"footnotes":""},"class_list":["post-9559","page","type-page","status-publish","hentry"],"acf":[],"yoast_head":"<!-- This site is optimized with the Yoast SEO plugin v27.4 - https:\/\/yoast.com\/product\/yoast-seo-wordpress\/ -->\n<title>Cookie-en politika - Observatorio del Periodismo Machista<\/title>\n<meta name=\"robots\" content=\"index, follow, max-snippet:-1, max-image-preview:large, max-video-preview:-1\" \/>\n<link rel=\"canonical\" href=\"https:\/\/periodismomachista.com\/eu\/politica-de-cookies-ue\/\" \/>\n<meta property=\"og:locale\" content=\"eu_ES\" \/>\n<meta property=\"og:type\" content=\"article\" \/>\n<meta property=\"og:title\" content=\"Cookie-en politika - Observatorio del Periodismo Machista\" \/>\n<meta property=\"og:url\" content=\"https:\/\/periodismomachista.com\/eu\/politica-de-cookies-ue\/\" \/>\n<meta property=\"og:site_name\" content=\"Observatorio del Periodismo Machista\" \/>\n<meta property=\"article:modified_time\" content=\"2024-03-06T14:53:15+00:00\" \/>\n<meta name=\"twitter:card\" content=\"summary_large_image\" \/>\n<meta name=\"twitter:site\" content=\"@pemachista\" \/>\n<meta name=\"twitter:label1\" content=\"Est. reading time\" \/>\n\t<meta name=\"twitter:data1\" content=\"5 minutes\" \/>\n<script type=\"application\/ld+json\" class=\"yoast-schema-graph\">{\"@context\":\"https:\\\/\\\/schema.org\",\"@graph\":[{\"@type\":\"WebPage\",\"@id\":\"https:\\\/\\\/periodismomachista.com\\\/eu\\\/politica-de-cookies-ue\\\/\",\"url\":\"https:\\\/\\\/periodismomachista.com\\\/eu\\\/politica-de-cookies-ue\\\/\",\"name\":\"Cookie-en politika - Observatorio del Periodismo Machista\",\"isPartOf\":{\"@id\":\"https:\\\/\\\/periodismomachista.com\\\/eu\\\/#website\"},\"datePublished\":\"2023-02-16T22:59:19+00:00\",\"dateModified\":\"2024-03-06T14:53:15+00:00\",\"breadcrumb\":{\"@id\":\"https:\\\/\\\/periodismomachista.com\\\/eu\\\/politica-de-cookies-ue\\\/#breadcrumb\"},\"inLanguage\":\"eu-ES\",\"potentialAction\":[{\"@type\":\"ReadAction\",\"target\":[\"https:\\\/\\\/periodismomachista.com\\\/eu\\\/politica-de-cookies-ue\\\/\"]}]},{\"@type\":\"BreadcrumbList\",\"@id\":\"https:\\\/\\\/periodismomachista.com\\\/eu\\\/politica-de-cookies-ue\\\/#breadcrumb\",\"itemListElement\":[{\"@type\":\"ListItem\",\"position\":1,\"name\":\"Portada\",\"item\":\"https:\\\/\\\/periodismomachista.com\\\/eu\\\/\"},{\"@type\":\"ListItem\",\"position\":2,\"name\":\"Cookie-en politika\"}]},{\"@type\":\"WebSite\",\"@id\":\"https:\\\/\\\/periodismomachista.com\\\/eu\\\/#website\",\"url\":\"https:\\\/\\\/periodismomachista.com\\\/eu\\\/\",\"name\":\"Observatorio del Periodismo Machista\",\"description\":\"\",\"publisher\":{\"@id\":\"https:\\\/\\\/periodismomachista.com\\\/eu\\\/#organization\"},\"potentialAction\":[{\"@type\":\"SearchAction\",\"target\":{\"@type\":\"EntryPoint\",\"urlTemplate\":\"https:\\\/\\\/periodismomachista.com\\\/eu\\\/?s={search_term_string}\"},\"query-input\":{\"@type\":\"PropertyValueSpecification\",\"valueRequired\":true,\"valueName\":\"search_term_string\"}}],\"inLanguage\":\"eu-ES\"},{\"@type\":\"Organization\",\"@id\":\"https:\\\/\\\/periodismomachista.com\\\/eu\\\/#organization\",\"name\":\"Observatorio del Periodismo Machista\",\"url\":\"https:\\\/\\\/periodismomachista.com\\\/eu\\\/\",\"logo\":{\"@type\":\"ImageObject\",\"inLanguage\":\"eu-ES\",\"@id\":\"https:\\\/\\\/periodismomachista.com\\\/eu\\\/#\\\/schema\\\/logo\\\/image\\\/\",\"url\":\"https:\\\/\\\/periodismomachista.com\\\/wp-content\\\/uploads\\\/2024\\\/03\\\/ALTA-cuadradoOK-pmachista.png\",\"contentUrl\":\"https:\\\/\\\/periodismomachista.com\\\/wp-content\\\/uploads\\\/2024\\\/03\\\/ALTA-cuadradoOK-pmachista.png\",\"width\":838,\"height\":838,\"caption\":\"Observatorio del Periodismo Machista\"},\"image\":{\"@id\":\"https:\\\/\\\/periodismomachista.com\\\/eu\\\/#\\\/schema\\\/logo\\\/image\\\/\"},\"sameAs\":[\"https:\\\/\\\/x.com\\\/pemachista\",\"https:\\\/\\\/www.tiktok.com\\\/@periodismomachista\",\"https:\\\/\\\/www.instagram.com\\\/periodismomachista\"]}]}<\/script>\n<!-- \/ Yoast SEO plugin. -->","yoast_head_json":{"title":"Cookie-en politika - Observatorio del Periodismo Machista","robots":{"index":"index","follow":"follow","max-snippet":"max-snippet:-1","max-image-preview":"max-image-preview:large","max-video-preview":"max-video-preview:-1"},"canonical":"https:\/\/periodismomachista.com\/eu\/politica-de-cookies-ue\/","og_locale":"eu_ES","og_type":"article","og_title":"Cookie-en politika - Observatorio del Periodismo Machista","og_url":"https:\/\/periodismomachista.com\/eu\/politica-de-cookies-ue\/","og_site_name":"Observatorio del Periodismo Machista","article_modified_time":"2024-03-06T14:53:15+00:00","twitter_card":"summary_large_image","twitter_site":"@pemachista","twitter_misc":{"Est. reading time":"5 minutes"},"schema":{"@context":"https:\/\/schema.org","@graph":[{"@type":"WebPage","@id":"https:\/\/periodismomachista.com\/eu\/politica-de-cookies-ue\/","url":"https:\/\/periodismomachista.com\/eu\/politica-de-cookies-ue\/","name":"Cookie-en politika - Observatorio del Periodismo Machista","isPartOf":{"@id":"https:\/\/periodismomachista.com\/eu\/#website"},"datePublished":"2023-02-16T22:59:19+00:00","dateModified":"2024-03-06T14:53:15+00:00","breadcrumb":{"@id":"https:\/\/periodismomachista.com\/eu\/politica-de-cookies-ue\/#breadcrumb"},"inLanguage":"eu-ES","potentialAction":[{"@type":"ReadAction","target":["https:\/\/periodismomachista.com\/eu\/politica-de-cookies-ue\/"]}]},{"@type":"BreadcrumbList","@id":"https:\/\/periodismomachista.com\/eu\/politica-de-cookies-ue\/#breadcrumb","itemListElement":[{"@type":"ListItem","position":1,"name":"Portada","item":"https:\/\/periodismomachista.com\/eu\/"},{"@type":"ListItem","position":2,"name":"Cookie-en politika"}]},{"@type":"WebSite","@id":"https:\/\/periodismomachista.com\/eu\/#website","url":"https:\/\/periodismomachista.com\/eu\/","name":"Observatorio del Periodismo Machista","description":"","publisher":{"@id":"https:\/\/periodismomachista.com\/eu\/#organization"},"potentialAction":[{"@type":"SearchAction","target":{"@type":"EntryPoint","urlTemplate":"https:\/\/periodismomachista.com\/eu\/?s={search_term_string}"},"query-input":{"@type":"PropertyValueSpecification","valueRequired":true,"valueName":"search_term_string"}}],"inLanguage":"eu-ES"},{"@type":"Organization","@id":"https:\/\/periodismomachista.com\/eu\/#organization","name":"Observatorio del Periodismo Machista","url":"https:\/\/periodismomachista.com\/eu\/","logo":{"@type":"ImageObject","inLanguage":"eu-ES","@id":"https:\/\/periodismomachista.com\/eu\/#\/schema\/logo\/image\/","url":"https:\/\/periodismomachista.com\/wp-content\/uploads\/2024\/03\/ALTA-cuadradoOK-pmachista.png","contentUrl":"https:\/\/periodismomachista.com\/wp-content\/uploads\/2024\/03\/ALTA-cuadradoOK-pmachista.png","width":838,"height":838,"caption":"Observatorio del Periodismo Machista"},"image":{"@id":"https:\/\/periodismomachista.com\/eu\/#\/schema\/logo\/image\/"},"sameAs":["https:\/\/x.com\/pemachista","https:\/\/www.tiktok.com\/@periodismomachista","https:\/\/www.instagram.com\/periodismomachista"]}]}},"_links":{"self":[{"href":"https:\/\/periodismomachista.com\/eu\/wp-json\/wp\/v2\/pages\/9559","targetHints":{"allow":["GET"]}}],"collection":[{"href":"https:\/\/periodismomachista.com\/eu\/wp-json\/wp\/v2\/pages"}],"about":[{"href":"https:\/\/periodismomachista.com\/eu\/wp-json\/wp\/v2\/types\/page"}],"author":[{"embeddable":true,"href":"https:\/\/periodismomachista.com\/eu\/wp-json\/wp\/v2\/users\/2"}],"replies":[{"embeddable":true,"href":"https:\/\/periodismomachista.com\/eu\/wp-json\/wp\/v2\/comments?post=9559"}],"version-history":[{"count":7,"href":"https:\/\/periodismomachista.com\/eu\/wp-json\/wp\/v2\/pages\/9559\/revisions"}],"predecessor-version":[{"id":9574,"href":"https:\/\/periodismomachista.com\/eu\/wp-json\/wp\/v2\/pages\/9559\/revisions\/9574"}],"wp:attachment":[{"href":"https:\/\/periodismomachista.com\/eu\/wp-json\/wp\/v2\/media?parent=9559"}],"curies":[{"name":"wp","href":"https:\/\/api.w.org\/{rel}","templated":true}]}}